{"id":6,"date":"2014-02-12T18:46:14","date_gmt":"2014-02-12T17:46:14","guid":{"rendered":"http:\/\/koca-paulikat.de\/de\/?page_id=6"},"modified":"2024-04-25T14:54:21","modified_gmt":"2024-04-25T13:54:21","slug":"kontakt","status":"publish","type":"page","link":"https:\/\/koca-paulikat.de\/kanzlei\/de\/kontakt\/","title":{"rendered":"Kontakt"},"content":{"rendered":"<p><img loading=\"lazy\" decoding=\"async\" class=\"right wp-image-319 size-full\" src=\"http:\/\/koca-paulikat.de\/kanzlei\/de\/wp-content\/uploads\/2018\/02\/kontakt.jpg\" alt=\"Kanzlei\" width=\"311\" height=\"311\" \/><\/p>\n<p><strong>Rechtsanw\u00e4lte DR. KOCA | PAULIKAT<br \/>\nPartnerschaftsgesellschaft mbB<\/strong><br \/>\nUhlandstra\u00dfe 20\u201325 \/\/ Aufgang 1, 10623 Berlin<\/p>\n<p><strong>Fahrverbindung<\/strong><br \/>\nU-Bahnhof Uhlandstr. (U1)<br \/>\nU-Bahnhof Kurf\u00fcrstendamm (U1\/U9) + Bus X10, 109, 110 (U Uhlandstr).<br \/>\nU-Bahnhof Zoologischer Garten (U2\/U9) + Bus M49, X34 (Uhlandstr.\/Kantstr.)<br \/>\nS-Bahnhof Savignyplatz (S3, S7, S75, S5)<\/p>\n<p><strong>Parkpl\u00e4tze vorhanden<\/strong><\/p>\n<p><label>Telefon:<\/label> <a href=\"tel:+4930374351340\">+49 30 374 351 340<\/a><br \/>\n<label>Telefax:<\/label> +49 30 374 351 341<br \/>\nE-Mail: <a href=\"mailto:kanzlei@koca-paulikat.de\">kanzlei@koca-paulikat.de<\/a><\/p>\n<p>Hinweis bei Kontaktaufnahme per E-Mail:<br \/>\n1) Durch Abschicken einer E-Mail-Anfrage wird ein Mandatsverh\u00e4ltnis nicht begr\u00fcndet, so dass insoweit<br \/>\njede Haftung ausgeschlossen ist.<br \/>\n(2) Das Mandatsverh\u00e4ltnis kommt bei Zusendung einer E-Mail-Anfrage und bei Nutzung des im Internet<br \/>\nzum Download bereitgestellten entsprechend gekennzeichneten Vollmachtformulars, erst nach<br \/>\nUnterzeichnung des<br \/>\nVollmachtsformulars und durch eine Mandatsbest\u00e4tigung der Rechtsanw\u00e4lte &amp; Notar Dr. Koca &amp; Paulikat PartG<br \/>\nmbB zustande.<br \/>\n(3) Bei Abschicken einer E-Mail-Anfrage erkl\u00e4rt sich der Mandant\/Absender damit einverstanden, dass<br \/>\ndie Rechtsanw\u00e4lte &amp; Notar Dr. Koca &amp; Paulikat PartG mbB mit dem Mandanten\/Absender ebenfalls per E-Mail<br \/>\nkommuniziert.<br \/>\nObwohl die Rechtsanw\u00e4lte &amp; Notar Dr. Koca &amp; Paulikat PartG mbB ihre Mailbox zu den \u00fcblichen B\u00fcrozeiten<br \/>\nmehrmals kontrolliert, kann keine Garantie f\u00fcr die zeitgerechte Kenntnisnahme der zugegangenen E-<br \/>\nMails \u00fcbernommen werden.<\/p>\n<p><strong>B\u00fcrozeiten <\/strong><br \/>\nMo.\u2013Do.: 09:00\u201317:00\u2009Uhr,<br \/>\nFr.: 09:00\u201315:00 Uhr<\/p>\n<p><strong><br \/>\nRechtsform und Sitz<\/strong><br \/>\nPartnerschaftsgesellschaft mit beschr\u00e4nkter Berufshaftung mit Sitz in Berlin<br \/>\nAmtsgericht Berlin-Charlottenburg PR 896 B<\/p>\n<p><strong>Partner<\/strong><br \/>\nDr. Mehmet Koca<br \/>\nKolja Paulikat<\/p>\n<p><strong>Zust\u00e4ndige Aufsichtsbeh\u00f6rde Rechtsanw\u00e4lte:<br \/>\n<\/strong><a title=\"Rechtsanwaltskammer Berlin\" href=\"https:\/\/www.rak-berlin.de\/\" target=\"blank\">Rechtsanwaltskammer Berlin<\/a><br \/>\nLittenstra\u00dfe 9, 10179 Berlin.<\/p>\n<p><strong>Zust\u00e4ndige Kammer Rechtsanw\u00e4lte:<\/strong><br \/>\n<a title=\"Rechtsanwaltskammer Berlin\" href=\"https:\/\/www.rak-berlin.de\/\" target=\"blank\">Rechtsanwaltskammer Berlin<\/a><br \/>\nLittenstra\u00dfe 9, 10179 Berlin<\/p>\n<p><strong>Berufsrechtliche Regelungen Rechtsanw\u00e4lte:<\/strong><\/p>\n<ul>\n<li>Bundesrechtsanwaltsordnung (BRAO),<\/li>\n<li>Berufsordnung fuer Rechtsanw\u00e4lte (BORA),<\/li>\n<li>Fachanwaltsordnung (FAO),<\/li>\n<li>Bundesanwaltgeb\u00fchrenordnung (BRAGO),<\/li>\n<li>Rechtsanwaltsverg\u00fctungsgesetz (RVG) nebst Verg\u00fctungsverzeichnis (VV),<\/li>\n<li>Berufsregelung der Rechtsanw\u00e4lte der Europ\u00e4ischen Gemeinschaft (CCBE),<\/li>\n<li>Gesetz \u00fcber T\u00e4tigkeit europ\u00e4ischer Rechtsanw\u00e4lte in Deutschland (EuRAG).<\/li>\n<\/ul>\n<p><strong>Zust\u00e4ndige Aufsichtsbeh\u00f6rde Notariat:<\/strong><br \/>\nAufsichtsbeh\u00f6rde \u00fcber die Berliner Notare ist der Pr\u00e4sident\/ die Pr\u00e4sidentin des Landgerichts Berlin II, Littenstra\u00dfe 12-17, 10179 Berlin, der Pr\u00e4sident\/ die Pr\u00e4sidentin des Kammergerichts, El\u00dfholzstr. 30\u201333, 10781 Berlin sowie die Senatsverwaltung f\u00fcr Justiz und Verbraucherschutz, Salzburger Str. 21-25, 10825 Berlin.<\/p>\n<p><strong>Zust\u00e4ndige Kammer Notariat:<\/strong><br \/>\n<a title=\"Notarkammer Berlin\" href=\"https:\/\/www.notarkammer-berlin.de\/\" target=\"blank\">Notarkammer Berlin<\/a><\/p>\n<p><strong>F\u00fcr alle Notare gelten folgende berufsrechtlichen Regelungen:<\/strong><\/p>\n<ul>\n<li>BNotO \u2013 Bundesnotarordnung,<\/li>\n<li>DONot &#8211; Dienstordnung f\u00fcr Notarinnen und Notare,<\/li>\n<li>BeurkG &#8211; Beurkundungsgesetz,<\/li>\n<li>GNotKG &#8211; Gerichts- und Notarkostengesetz,<\/li>\n<li>NotAktVV &#8211; Verordnung \u00fcber die F\u00fchrung notarieller Akten und Verzeichnisse.<\/li>\n<\/ul>\n<p><strong>Berufshaftpflichtversicherung<\/strong><br \/>\nDie Partnerschaft verf\u00fcgt \u00fcber die gesetzlich vorgesehenen Berufshaftpflichtversicherungen sowohl im Anwalts- als auch im Notarbereich.<\/p>\n<p><strong><br \/>\nInhaltlich Verantwortlicher gem\u00e4\u00df \u00a7\u200955 Abs. 2 RStV:<\/strong><br \/>\nDr. Mehmet Koca (Anschrift wie oben)<\/p>\n<p><strong><br \/>\nBildnachweis<\/strong><br \/>\nFotografien: Alexander Karst, karstmedia Berlin<\/p>\n<p><strong>medien. beratung. konzeption.<\/strong><br \/>\n<a title=\"karstmedia Berlin\" href=\"http:\/\/karstmedia.de\" target=\"_blank\">karstmedia Berlin<\/a><\/p>\n<p><strong><br \/>\nHaftungshinweis<\/strong><\/p>\n<p><strong>Haftung f\u00fcr Inhalte. <\/strong>S\u00e4mtliche Informationen dieser Internetpr\u00e4senz sind allgemeiner Art und ersetzen nicht die konkrete Rechtsberatung im Einzelfall durch einen Anwalt. Es wird keine Gew\u00e4hr f\u00fcr die Richtigkeit der Inhalte \u00fcbernommen. Ein Mandatsverh\u00e4ltnis kommt erst durch die Annahmeerkl\u00e4rung der Kanzlei zustande.Beachten Sie bitte, dass die unverschl\u00fcsselte Kommunikation via E-Mail unsicher ist, so dass eine Haftung f\u00fcr \u00fcbermittelte Nachrichten ausgeschlossen ist. Dies gilt f\u00fcr den Inhalt und den Zugang von E-Mails. Soweit Sie sich einer unverschl\u00fcsselten Erst\u00fcbermittlung bedienen, wird von einem Einverst\u00e4ndnis in eine weitere unverschl\u00fcsselte Kommunikation ausgegangen, es sei denn, Sie w\u00fcnschen eine andere Art der Korrespondenz.<\/p>\n<p><strong>Haftung f\u00fcr Links. <\/strong> Diese Internetpr\u00e4senz enth\u00e4lt Links zu externen Webseiten Dritter, auf deren Inhalte wir keinen Einfluss haben. Deshalb wird f\u00fcr diese fremden Inhalte auch keine Gew\u00e4hr \u00fcbernommen. F\u00fcr die Inhalte der verlinkten Seiten ist stets der jeweilige Anbieter oder Betreiber der Seiten verantwortlich. Die verlinkten Seiten wurden zum Zeitpunkt der Verlinkung auf m\u00f6gliche Rechtsverst\u00f6\u00dfe \u00fcberpr\u00fcft. Rechtswidrige Inhalte waren zum Zeitpunkt der Verlinkung nicht erkennbar. Eine permanente inhaltliche Kontrolle der verlinkten Seiten ist jedoch ohne konkrete Anhaltspunkte einer Rechtsverletzung nicht zumutbar. Bei Bekanntwerden von Rechtsverletzungen werden derartige Links umgehend entfernt.<\/p>\n<p><strong>Urheberrecht. <\/strong> Die Betreiber der Seiten sind bem\u00fcht, stets die Urheberrechte anderer zu beachten bzw. auf selbst erstellte sowie lizenzfreie Werke zur\u00fcckzugreifen. Die durch die Seitenbetreiber erstellten Inhalte und Werke auf diesen Seiten unterliegen dem deutschen Urheberrecht. Beitr\u00e4ge Dritter sind als solche gekennzeichnet. Die Vervielf\u00e4ltigung, Bearbeitung, Verbreitung und jede Art der Verwertung au\u00dferhalb der Grenzen des Urheberrechts bed\u00fcrfen der schriftlichen Zustimmung des jeweiligen Autors bzw. Erstellers. Downloads und Kopien dieser Seite sind ausschlie\u00dflich f\u00fcr den privaten, nicht kommerziellen Gebrauch gestattet.<\/p>\n<p>&nbsp;<\/p>\n<p><strong>Hinweis zum Datenschutz<\/strong><\/p>\n<p><strong>Pers\u00f6nliche Daten. <\/strong>Soweit die M\u00f6glichkeit besteht, pers\u00f6nliche Daten innerhalb dieser Internetpr\u00e4senz anzugeben, werden diese ausschlie\u00dflich zu dem dort angegebenen Zweck und im Rahmen der Einwilligung verwendet. Die erfassten Daten werden vertraulich behandelt und k\u00f6nnen jederzeit eingesehen werden. Die Einwilligung kann jederzeit widerrufen und die L\u00f6schung der Daten verlangt werden, soweit dies im Rahmen der Abwicklung eines Vertragsverh\u00e4ltnisses m\u00f6glich und die Aufbewahrung der Daten nicht gesetzlich vorgeschrieben ist.<\/p>\n<p><strong>Anonyme Daten. <\/strong>Die Inhalte dieser Internetpr\u00e4senz erlauben, soweit m\u00f6glich, eine anonyme Nutzung. Deshalb werden grunds\u00e4tzlich keine pers\u00f6nlichen Daten, sondern anonyme Zugriffsdaten gespeichert. Es handelt sich dabei um Daten, die beispielsweise Auskunft \u00fcber die Anzahl der Besucher dieser Internetpr\u00e4senz, \u00fcber die erfolgreichen und h\u00e4ufigsten Aufrufe, \u00fcber die verwendeten Browser und Betriebssysteme und \u00fcber die Netz- und Zugangsprovider geben. Diese Nutzungsdaten dienen der Statistikauswertung, um diese Internetpr\u00e4senz an die Interessen ihrer Nutzer anzupassen. Eine personenbezogene Verwertung der Daten findet nicht statt.<\/p>\n","protected":false},"excerpt":{"rendered":"<p>Rechtsanw\u00e4lte DR. KOCA | PAULIKAT Partnerschaftsgesellschaft mbB Uhlandstra\u00dfe 20\u201325 \/\/ Aufgang 1, 10623 Berlin Fahrverbindung U-Bahnhof Uhlandstr. (U1) U-Bahnhof Kurf\u00fcrstendamm (U1\/U9) + Bus X10, 109, 110 (U Uhlandstr). U-Bahnhof Zoologischer Garten (U2\/U9) + Bus M49, X34 (Uhlandstr.\/Kantstr.) S-Bahnhof Savignyplatz (S3, S7, S75, S5) Parkpl\u00e4tze vorhanden Telefon: &hellip; <\/p>\n<p><a href=\"https:\/\/koca-paulikat.de\/kanzlei\/de\/kontakt\/\" class=\"more-link\"><span class=\"morelink-icon\">Read more<\/span><\/a><\/p>\n","protected":false},"author":1,"featured_media":0,"parent":0,"menu_order":0,"comment_status":"open","ping_status":"open","template":"page-templates\/full-width.php","meta":{"footnotes":""},"class_list":["post-6","page","type-page","status-publish","hentry"],"_links":{"self":[{"href":"https:\/\/koca-paulikat.de\/kanzlei\/de\/wp-json\/wp\/v2\/pages\/6","targetHints":{"allow":["GET"]}}],"collection":[{"href":"https:\/\/koca-paulikat.de\/kanzlei\/de\/wp-json\/wp\/v2\/pages"}],"about":[{"href":"https:\/\/koca-paulikat.de\/kanzlei\/de\/wp-json\/wp\/v2\/types\/page"}],"author":[{"embeddable":true,"href":"https:\/\/koca-paulikat.de\/kanzlei\/de\/wp-json\/wp\/v2\/users\/1"}],"replies":[{"embeddable":true,"href":"https:\/\/koca-paulikat.de\/kanzlei\/de\/wp-json\/wp\/v2\/comments?post=6"}],"version-history":[{"count":59,"href":"https:\/\/koca-paulikat.de\/kanzlei\/de\/wp-json\/wp\/v2\/pages\/6\/revisions"}],"predecessor-version":[{"id":440,"href":"https:\/\/koca-paulikat.de\/kanzlei\/de\/wp-json\/wp\/v2\/pages\/6\/revisions\/440"}],"wp:attachment":[{"href":"https:\/\/koca-paulikat.de\/kanzlei\/de\/wp-json\/wp\/v2\/media?parent=6"}],"curies":[{"name":"wp","href":"https:\/\/api.w.org\/{rel}","templated":true}]}}